{"id":24474,"date":"2019-05-20T13:02:17","date_gmt":"2019-05-20T13:02:17","guid":{"rendered":"http:\/\/uv-nieuw.flywheelsites.com\/?page_id=24474"},"modified":"2026-01-12T07:57:06","modified_gmt":"2026-01-12T07:57:06","slug":"home-2","status":"publish","type":"page","link":"https:\/\/urgentvertalen.nl\/en\/","title":{"rendered":"Urgent Vertalen Translation Agency"},"content":{"rendered":"<p>or call, free of charge, for translation advice:\u2028<a href=\"tel:070 - 778 58 30\">\n\n\n\n\n\n\n\n\n 070 &#8211; 778 58 30<\/a><\/p>\n\n\n\n\n\n\n\n\n<p>A professional translation agency can help translate documents, websites, software and much more. In most cases, the translators at a translation agency specialise in specific fields, such as technology, legal or finance. This specialism ensures that they are able to translate technical terms and jargon correctly, making communication more efficient.<\/p><p>Need a translation agency? Urgent Vertalen is the leading translation agency of the Netherlands. Based in The Hague, we provide countless small and medium-sized companies, private individuals and large multinationals with professionally translated texts every day. We understand that texts need to be translated accurately and often officially.<\/p><p>As specialists in our field, our processes are set up according to ISO 9001, ISO 17100 and ISO 27001 standards, enabling us to guarantee quality, security and reliability. We provide translations into all common languages. Already near &#8211; or past &#8211; the deadline? Then of course we can also provide an urgent translation at no extra charge. In addition, we are on average 36.8% cheaper than other translation agencies. Enough reasons to trust us with your translation assignment.<\/p><p>Translation agency Urgent Vertalen is a specialised translation agency for sworn translations. If you need the translation for foreign purposes, you need to have the sworn translation legalized. Urgent Vertalen can arrange the legalization of your document very quickly because we are practically located next door to the consulate. And what about the costs?<\/p><p>Our prices are highly competitive. However, recent surveys show that the rates of translation agency Urgent Vertalen are on average 36.8% lower compared to most other translation agencies. We calculate the price for a regular (non-sworn) translation based on the preferred language combination and the number of words of your documents. The costs for a sworn translation are calculated based on the time the translator needs for the translation of the document. Transparent and fair. a href=&#8221;\/vertaaltarieven\/&#8221;&gt;View the rates<\/p><div id=\"\" class=\"brxe-container countrysearch\">\r\n\t\t\t<div id=\"brxe-kzppbb\" class=\"brxe-block form-block-top form-block-modify\">\r\n\t\t\t\t<form autocomplete=\"off\" action=\"\/aanvragen\">\r\n\t\t\t\t\t<div id=\"brxe-ijsqyo\" class=\"brxe-block\">\r\n\t\t\t\t\t\t<div id=\"brxe-qxitzy\" class=\"brxe-block\">\r\n\t\t\t\t\t\t\t<svg class=\"brxe-svg\" xmlns=\"http:\/\/www.w3.org\/2000\/svg\" width=\"15\" height=\"24\" viewBox=\"0 0 15 24\" fill=\"none\">\r\n\t\t\t\t\t\t\t\t<path d=\"M7.4152 0.837494C3.32641 0.837494 0 4.31332 0 8.58526C0 12.6974 6.72794 22.3047 7.01441 22.7115L7.28177 23.0917C7.31303 23.1364 7.36282 23.1625 7.4152 23.1625C7.46839 23.1625 7.51786 23.1364 7.54945 23.0917L7.81664 22.7115C8.10327 22.3047 14.8311 12.6974 14.8311 8.58526C14.8311 4.31332 11.5041 0.837494 7.4152 0.837494ZM7.4152 5.81002C8.88023 5.81002 10.0715 7.05471 10.0715 8.58526C10.0715 10.115 8.88017 11.3605 7.4152 11.3605C5.95104 11.3605 4.75888 10.115 4.75888 8.58526C4.75888 7.05471 5.95099 5.81002 7.4152 5.81002Z\"\r\n\t\t\t\t\t\t\t\tfill=\"#000F08\" fill-opacity=\"0.6\"><\/path>\r\n\t\t\t\t\t\t\t<\/svg>\r\n\t\t\t\t\t\t<\/div>\r\n\t\t\t\t\t\t<div id=\"brxe-epoxkr\" class=\"brxe-block\">\r\n\t\t\t\t\t\t\t<input id=\"search\" type=\"text\" name=\"country\" value=\"\" placeholder=\"Land van bestemming documenten\" class=\"input-text ng-scope ss-ac-visible\" maxlength=\"128\" role=\"combobox\" aria-haspopup=\"false\" aria-autocomplete=\"both\" autocomplete=\"off\" aria-expanded=\"false\" ss-nav-input=\"\" ng-non-bindable=\"\" spellcheck=\"false\" required>\r\n\t\t\t\t\t\t<\/div>\r\n\t\t\t\t\t<\/div>\r\n\t\t\t\t\t<div id=\"brxe-azbzfk\" class=\"brxe-block\"><input type=\"submit\" value=\"Start uw vertaling\"><\/div>\r\n\t\t\t\t<\/form>\r\n\t\t\t<\/div>\r\n\t\t<\/div><script>function autocomplete(inp, arr) {\r\n\t\tvar currentFocus;\r\n\t\tinp.addEventListener(\"input\", function(e) {\r\n\t\t\tvar a, b, i, val = this.value;\r\n\t\t\tcloseAllLists();\r\n\t\t\tif (!val) { return false;}\r\n\t\t\tcurrentFocus = -1;\r\n\t\t\ta = document.createElement(\"DIV\");\r\n\t\t\ta.setAttribute(\"id\", this.id + \"autocomplete-list\");\r\n\t\t\ta.setAttribute(\"class\", \"autocomplete-items\");\r\n\t\t\tthis.parentNode.appendChild(a);\r\n\t\t\tfor (i = 0; i < arr.length; i++) {\r\n\t\t\t\tif (arr[i].substr(0, val.length).toUpperCase() == val.toUpperCase()) {\r\n\t\t\t\t\tb = document.createElement(\"DIV\");\r\n\t\t\t\t\tb.innerHTML = \"<strong>\" + arr[i].substr(0, val.length) + \"<\/strong>\";\r\n\t\t\t\t\tb.innerHTML += arr[i].substr(val.length);\r\n\t\t\t\t\tb.innerHTML += \"<input type='hidden' value='\" + arr[i] + \"'>\";\r\n\t\t\t\t\tb.addEventListener(\"click\", function(e) {\r\n\t\t\t\t\t\tinp.value = this.getElementsByTagName(\"input\")[0].value;\r\n\t\t\t\t\t\tcloseAllLists();\r\n\t\t\t\t\t});\r\n\t\t\t\t\ta.appendChild(b);\r\n\t\t\t\t}\r\n\t\t\t}\r\n\t\t});\r\n\t\tinp.addEventListener(\"keydown\", function(e) {\r\n\t\t\tvar x = document.getElementById(this.id + \"autocomplete-list\");\r\n\t\t\tif (x) x = x.getElementsByTagName(\"div\");\r\n\t\t\tif (e.keyCode == 40) {\r\n\t\t\t\tcurrentFocus++;\r\n\t\t\t\taddActive(x);\r\n\t\t\t} else if (e.keyCode == 38) { \/\/up\r\n\t\t\t\tcurrentFocus--;\r\n\t\t\t\taddActive(x);\r\n\t\t\t} else if (e.keyCode == 13) {\r\n\t\t\t\te.preventDefault();\r\n\t\t\t\tif (currentFocus > -1) {\r\n\t\t\t\t\tif (x) x[currentFocus].click();\r\n\t\t\t\t}\r\n\t\t\t}\r\n\t\t});\r\n\t\tfunction addActive(x) {\r\n\t\t\tif (!x) return false;\r\n\t\t\tremoveActive(x);\r\n\t\t\tif (currentFocus >= x.length) currentFocus = 0;\r\n\t\t\tif (currentFocus < 0) currentFocus = (x.length - 1);\r\n\t\t\tx[currentFocus].classList.add(\"autocomplete-active\");\r\n\t\t}\r\n\t\tfunction removeActive(x) {\r\n\t\t\tfor (var i = 0; i < x.length; i++) {\r\n\t\t\t\tx[i].classList.remove(\"autocomplete-active\");\r\n\t\t\t}\r\n\t\t}\r\n\t\tfunction closeAllLists(elmnt) {\r\n\t\t\tvar x = document.getElementsByClassName(\"autocomplete-items\");\r\n\t\t\tfor (var i = 0; i < x.length; i++) {\r\n\t\t\t\tif (elmnt != x[i] && elmnt != inp) {\r\n\t\t\t\t\tx[i].parentNode.removeChild(x[i]);\r\n\t\t\t\t}\r\n\t\t\t}\r\n\t\t}\r\n\t\tdocument.addEventListener(\"click\", function (e) {\r\n\t\t\tcloseAllLists(e.target);\r\n\t\t});\r\n\t}var countries = [\"Afghanistan\",\"Albania\",\"Algeria\",\"Andorra\",\"Angola\",\"Anguilla\",\"Antigua & Barbuda\",\"Argentina\",\"Armenia\",\"Aruba\",\"Australia\",\"Austria\",\"Azerbaijan\",\"Bahamas\",\"Bahrain\",\"Bangladesh\",\"Barbados\",\"Belarus\",\"Belgium\",\"Belize\",\"Benin\",\"Bermuda\",\"Bhutan\",\"Bolivia\",\"Bosnia & Herzegovina\",\"Botswana\",\"Brazil\",\"British Virgin Islands\",\"Brunei\",\"Bulgaria\",\"Burkina Faso\",\"Burundi\",\"Cambodia\",\"Cameroon\",\"Canada\",\"Cape Verde\",\"Cayman Islands\",\"Central Arfrican Republic\",\"Chad\",\"Chile\",\"China\",\"Colombia\",\"Congo\",\"Cook Islands\",\"Costa Rica\",\"Cote D Ivoire\",\"Croatia\",\"Cuba\",\"Curacao\",\"Cyprus\",\"Czech Republic\",\"Denmark\",\"Djibouti\",\"Dominica\",\"Dominican Republic\",\"Ecuador\",\"Egypt\",\"El Salvador\",\"Equatorial Guinea\",\"Eritrea\",\"Estonia\",\"Ethiopia\",\"Falkland Islands\",\"Faroe Islands\",\"Fiji\",\"Finland\",\"France\",\"French Polynesia\",\"French West Indies\",\"Gabon\",\"Gambia\",\"Georgia\",\"Germany\",\"Ghana\",\"Gibraltar\",\"Greece\",\"Greenland\",\"Grenada\",\"Guam\",\"Guatemala\",\"Guernsey\",\"Guinea\",\"Guinea Bissau\",\"Guyana\",\"Haiti\",\"Honduras\",\"Hong Kong\",\"Hungary\",\"Iceland\",\"India\",\"Indonesia\",\"Iran\",\"Iraq\",\"Ireland\",\"Isle of Man\",\"Israel\",\"Italy\",\"Jamaica\",\"Japan\",\"Jersey\",\"Jordan\",\"Kazakhstan\",\"Kenya\",\"Kiribati\",\"Kosovo\",\"Kuwait\",\"Kyrgyzstan\",\"Laos\",\"Latvia\",\"Lebanon\",\"Lesotho\",\"Liberia\",\"Libya\",\"Liechtenstein\",\"Lithuania\",\"Luxembourg\",\"Macau\",\"Macedonia\",\"Madagascar\",\"Malawi\",\"Malaysia\",\"Maldives\",\"Mali\",\"Malta\",\"Marshall Islands\",\"Mauritania\",\"Mauritius\",\"Mexico\",\"Micronesia\",\"Moldova\",\"Monaco\",\"Mongolia\",\"Montenegro\",\"Montserrat\",\"Morocco\",\"Mozambique\",\"Myanmar\",\"Namibia\",\"Nauro\",\"Nepal\",\"Netherlands\",\"Netherlands Antilles\",\"New Caledonia\",\"New Zealand\",\"Nicaragua\",\"Niger\",\"Nigeria\",\"North Korea\",\"Norway\",\"Oman\",\"Pakistan\",\"Palau\",\"Palestine\",\"Panama\",\"Papua New Guinea\",\"Paraguay\",\"Peru\",\"Philippines\",\"Poland\",\"Portugal\",\"Puerto Rico\",\"Qatar\",\"Reunion\",\"Romania\",\"Russia\",\"Rwanda\",\"Saint Pierre & Miquelon\",\"Samoa\",\"San Marino\",\"Sao Tome and Principe\",\"Saudi Arabia\",\"Senegal\",\"Serbia\",\"Seychelles\",\"Sierra Leone\",\"Singapore\",\"Slovakia\",\"Slovenia\",\"Solomon Islands\",\"Somalia\",\"South Africa\",\"South Korea\",\"South Sudan\",\"Spain\",\"Sri Lanka\",\"St Kitts & Nevis\",\"St Lucia\",\"St Vincent\",\"Sudan\",\"Suriname\",\"Swaziland\",\"Sweden\",\"Switzerland\",\"Syria\",\"Taiwan\",\"Tajikistan\",\"Tanzania\",\"Thailand\",\"Timor L'Este\",\"Togo\",\"Tonga\",\"Trinidad & Tobago\",\"Tunisia\",\"Turkey\",\"Turkmenistan\",\"Turks & Caicos\",\"Tuvalu\",\"Uganda\",\"Ukraine\",\"United Arab Emirates\",\"United Kingdom\",\"United States of America\",\"Uruguay\",\"Uzbekistan\",\"Vanuatu\",\"Vatican City\",\"Venezuela\",\"Vietnam\",\"Virgin Islands (US)\",\"Yemen\",\"Zambia\",\"Zimbabwe\"];autocomplete(document.getElementById(\"search\"), countries);<\/script><style>\r\n\t\t\t.autocomplete-items {\r\n\t\t\t\tposition: absolute;\r\n\t\t\t\tborder: 1px solid #d4d4d4;\r\n\t\t\t\tborder-bottom: none;\r\n\t\t\t\tborder-top: none;\r\n\t\t\t\tz-index: 99;\r\n\t\t\t\ttop: 100%;\r\n\t\t\t\tleft: 0;\r\n\t\t\t\tright: 0;\r\n\t\t\t}\r\n\t\t\t.autocomplete-items div {\r\n\t\t\t\tpadding: 10px;\r\n\t\t\t\tcursor: pointer;\r\n\t\t\t\tbackground-color: #fff; \r\n\t\t\t\tborder-bottom: 1px solid #d4d4d4; \r\n\t\t\t}\r\n\t\t\t.autocomplete-items div:hover {\r\n\t\t\t\tbackground-color: #e9e9e9; \r\n\t\t\t}\r\n\t\t\t.autocomplete-active {\r\n\t\t\t\tbackground-color: DodgerBlue !important; \r\n\t\t\t\tcolor: #ffffff; \r\n\t\t\t}\r\n\t\t\t.form-block-top {\r\n\t\t\t\tbackground: #ffe0c5;\r\n\t\t\t}\r\n\t\t\t.countrysearch .form-block-top form {\r\n\t\t\t\twidth: 100%;\r\n\t\t\t\tflex-direction: row;\r\n\t\t\t\tbackground-color: #0000;\r\n\t\t\t\tborder-radius: 5px;\r\n\t\t\t\talign-self: center;\r\n\t\t\t\talign-items: center;\r\n\t\t\t\tdisplay: flex;\r\n\t\t\t\tgap: 9px;\r\n\t\t\t\tmargin: 0;\r\n\t\t\t}\r\n\t\t\t.countrysearch .form-block-top form input#search {\r\n\t\t\t\tline-height: 27px;\r\n\t\t\t\tborder: 0;\r\n\t\t\t\tfont-weight: 300;\r\n\t\t\t\tpadding: 0;\r\n\t\t\t}\r\n\t\t\t.countrysearch .form-block-top form input[type=\"submit\"] {\r\n\t\t\t\tbackground-color: #ff7905;\r\n\t\t\t\tcolor: #fff;\r\n\t\t\t\tfont-weight: 600;\r\n\t\t\t\tletter-spacing: -0.2px;\r\n\t\t\t\tborder-radius: 5px;\r\n\t\t\t\tpadding-top: 10px;\r\n\t\t\t\tpadding-right: 20px;\r\n\t\t\t\tpadding-bottom: 10px;\r\n\t\t\t\tpadding-left: 20px;\r\n\t\t\t\tdisplay: flex;\r\n\t\t\t\tgap: 10px;\r\n\t\t\t\tjustify-content: center;\r\n\t\t\t\tborder: 0;\r\n\t\t\t\talign-items: center;\r\n\t\t\t\twidth: 100%;\r\n\t\t\t\ttext-align: center;\r\n\t\t\t\tfont-size: 16px;\r\n\t\t\t\tline-height: 27.2px;\r\n\t\t\t\ttext-wrap: wrap;\r\n\t\t\t}\r\n\t\t\t.countrysearch .form-block-top form input#search::placeholder {\r\n\t\t\t\tcolor: #808080;\r\n\t\t\t}\r\n\t\t\t.countrysearch .form-block-top form input#search:focus {\r\n\t\t\t\toutline: 0;\r\n\t\t\t}\r\n\t\t\t.countrysearch #brxe-ijsqyo {\r\n\t\t\t\tposition: relative;\r\n\t\t\t\twidth: 88%;\r\n\t\t\t\tflex-direction: row;\r\n\t\t\t\tbackground-color: #fff;\r\n\t\t\t\tborder-radius: 5px;\r\n\t\t\t\talign-self: center !important;\r\n\t\t\t\talign-items: center;\r\n\t\t\t\tpadding-top: 10px;\r\n\t\t\t\tpadding-right: 16px;\r\n\t\t\t\tpadding-bottom: 10px;\r\n\t\t\t\tpadding-left: 16px;\r\n\t\t\t}\r\n\t\t\t#brxe-azbzfk {\r\n\t\t\t\twidth: 18%;\r\n\t\t\t\talign-items: flex-end;\r\n\t\t\t}\r\n\t\t\t#brxe-qxitzy {\r\n\t\t\t\twidth: 4%;\r\n\t\t\t}\r\n\t\t\t@media (max-width: 767px) {\r\n\t\t\t\t.countrysearch #brxe-ijsqyo {\r\n\t\t\t\t\tflex-direction: row;\r\n\t\t\t\t\twidth: 100%;\r\n\t\t\t\t}\r\n\t\t\t\t#brxe-azbzfk {\r\n\t\t\t\t\twidth: 100%;\r\n\t\t\t\t}\r\n\t\t\t\t#brxe-epoxkr {\r\n\t\t\t\t\twidth: 80%;\r\n\t\t\t\t}\r\n\t\t\t}\r\n\r\n\t\t\t@media(max-width: 767px) {\r\n\t\t\t\t.countrysearch .form-block-top form {\r\n\t\t\t\t\tflex-direction: column;\r\n\t\t\t\t}\r\n\t\t\t\t.countrysearch #brxe-ijsqyo {\r\n\t\t\t\t\tgap: 5px;\r\n\t\t\t\t}\r\n\t\t\t}\r\n\t\t<\/style>\n<h1 class=\"wp-block-heading\">{post_title}<\/h1>ISO-gecertificeerd vertaalbureau Urgent Vertalen vertaalt offici\u00eble documenten, uitgevoerd door erkende be\u00ebdigde vertalers. Unieke volledige legalisatieservice mogelijk voor wereldwijd gebruik. Snel en voordelig.<h2 class=\"wp-block-heading\">Your translation in 3 simple steps<\/h2><h2 class=\"wp-block-heading\">The guarantees of our translation agency.<\/h2><p>A translation agency is a specialised company that focuses on translating texts from one language into another. Whether dealing with business documents, legal texts, marketing materials or personal correspondence, a translation agency ensures that the message is conveyed accurately and effectively into the target language.<br \/>At Urgent Vertalen, we offer a wide range of translation services, including:<\/p>\n<ul class=\"wp-block-list\">\n<li>Be\u00ebdigde vertalingen: Offici\u00eble documenten die door erkende be\u00ebdigde vertalers worden vertaald, met de mogelijkheid voor volledige legalisatie voor wereldwijd gebruik.<\/li>\n<li>Spoedvertalingen: Versnelde vertaalservices voor dringende documenten die snel moeten worden verwerkt.<\/li>\n<li>Specialistische vertalingen: Vertalingen in diverse vakgebieden, zoals juridische, medische, technische en financi\u00eble teksten.<\/li>\n<\/ul>\n<p>Our translations are performed by native speakers with expertise in the respective field, ensuring accuracy and cultural relevance.<\/p>\n<p>As an <strong>ISO 9001, ISO 17100 and ISO 27001 certified translation agency<\/strong>, we guarantee high quality standards and confidentiality.<br \/>At Urgent Vertalen, you can count on fast, reliable and professional translation services that meet your specific needs.<\/p><h3 class=\"wp-block-heading\">How does our translation agency work?<\/h3><p>At Urgent Vertalen we strive to provide fast, reliable and professional services for all your translation needs. Our process is simple and customer-oriented:<\/p>\n<ul class=\"wp-block-list\">\n<li>Aanvraag indienen: Neem\u00a0<a href=\"https:\/\/urgentvertalen.nl\/contact\/\">contact<\/a>\u00a0met ons op via telefoon, e-mail of ons online formulier om uw vertaalbehoefte te bespreken.<\/li>\n<li>Offerte ontvangen: We sturen u een vrijblijvende offerte op maat, gebaseerd op de aard en omvang van uw documenten.<\/li>\n<li>Vertaling uitvoeren: Onze native speaker vertalers, gespecialiseerd in diverse vakgebieden, starten met de vertaling van uw documenten.<\/li>\n<li>Kwaliteitscontrole: Elke vertaling ondergaat een grondige kwaliteitscontrole om nauwkeurigheid en consistentie te waarborgen.<\/li>\n<li>Levering: U ontvangt de vertaalde documenten binnen de afgesproken termijn, vaak al binnen 24 uur.<br \/><br \/><\/li>\n<\/ul>\n<p>As an <strong>ISO 9001, ISO 17100 and ISO 27001 certified translation agency<\/strong>, we guarantee high quality standards and confidentiality. Our unique location in The Hague allows us to handle legalization processes quickly and efficiently, ensuring that your documents are recognised worldwide.<\/p><p>At Urgent Vertalen, we focus on providing high-quality translation and legalization services for official documents. Our specialisations include:<\/p>\n<ul class=\"wp-block-list\">\n<li><strong>Be\u00ebdigde vertalingen:<\/strong>\u00a0Wij verzorgen vertalingen die zijn uitgevoerd door een erkende\u00a0<a href=\"https:\/\/urgentvertalen.nl\/beedigd-vertalen\/\">be\u00ebdigd vertaler<\/a>, wat essentieel is voor documenten die officieel erkend moeten worden. Denk hierbij aan documenten zoals een akte, diploma, KvK-uittreksel of geboorteakte.<\/li>\n<li><strong>Spoedvertalingen:\u00a0<\/strong>Voor dringende vertaalbehoeften bieden wij snelle en effici\u00ebnte vertaalservices aan, zodat u altijd op tijd over uw vertaalde documenten beschikt.<\/li>\n<li><strong>Legalisatie:\u00a0<\/strong>Bij vertaalbureau Urgent Vertalen bieden wij een volledige legalisatieservice aan, waarmee uw documenten wereldwijd erkend worden. Over het algemeen is het goedkoper om een legalisatie te laten verzorgen door Urgent Vertalen dan wanneer u zelf de legalisatieroute zou bewandelen. Neem gerust contact met ons op, zodat wij u hierover eerlijk kunnen informeren. In drie eenvoudige stappen is een be\u00ebdigde vertaling, indien nodig m\u00e9t legalisatie, zo voor u geregeld.<\/li>\n<\/ul>\n<p>Our <strong><em>ISO 9001, ISO 17100 and ISO 27001 certifications<\/em><\/strong> testify to our commitment to quality and confidentiality. With a customer satisfaction score of 9.6 based on more than 3,000 reviews, you can count on reliable and professional services.<\/p><h3 class=\"wp-block-heading\">What are the costs of our translation agency?<\/h3><p>Recent surveys show that the rates of Urgent Vertalen are on average 36.8% lower compared to most other translation agencies.<\/p>\n<p>We calculate the cost of a regular (non-sworn) translation based on the desired language combination and the word count of your documents, so you can have texts translated from as little as \u20ac0.10 per word excluding VAT. The cost of a sworn translation starts at \u20ac0.16 per word excluding VAT. We calculate the cost based on the time the translator spends translating the document. Clear and fair. <a href=\"https:\/\/urgentvertalen.nl\/vertaaltarieven\/\">View the rates<\/a>.<\/p><h3 class=\"wp-block-heading\">Most translated languages at this time<\/h3><h2 class=\"wp-block-heading\">Frequenty-asked questions<\/h2>","protected":false},"excerpt":{"rendered":"<p>or call, free of charge, for translation advice:\u2028 070 &#8211; 778 58 30 A professional translation agency can help translate documents, websites, software and much more. In most cases, the translators at a translation agency specialise in specific fields, such as technology, legal or finance. This specialism ensures that they are able to translate technical [&hellip;]<\/p>\n","protected":false},"author":3,"featured_media":0,"parent":0,"menu_order":0,"comment_status":"closed","ping_status":"closed","template":"","meta":{"_acf_changed":false,"footnotes":""},"class_list":["post-24474","page","type-page","status-publish","hentry"],"acf":[],"_links":{"self":[{"href":"https:\/\/urgentvertalen.nl\/en\/wp-json\/wp\/v2\/pages\/24474","targetHints":{"allow":["GET"]}}],"collection":[{"href":"https:\/\/urgentvertalen.nl\/en\/wp-json\/wp\/v2\/pages"}],"about":[{"href":"https:\/\/urgentvertalen.nl\/en\/wp-json\/wp\/v2\/types\/page"}],"author":[{"embeddable":true,"href":"https:\/\/urgentvertalen.nl\/en\/wp-json\/wp\/v2\/users\/3"}],"replies":[{"embeddable":true,"href":"https:\/\/urgentvertalen.nl\/en\/wp-json\/wp\/v2\/comments?post=24474"}],"version-history":[{"count":8,"href":"https:\/\/urgentvertalen.nl\/en\/wp-json\/wp\/v2\/pages\/24474\/revisions"}],"predecessor-version":[{"id":140326,"href":"https:\/\/urgentvertalen.nl\/en\/wp-json\/wp\/v2\/pages\/24474\/revisions\/140326"}],"wp:attachment":[{"href":"https:\/\/urgentvertalen.nl\/en\/wp-json\/wp\/v2\/media?parent=24474"}],"curies":[{"name":"wp","href":"https:\/\/api.w.org\/{rel}","templated":true}]}}